{"id":760,"date":"2022-02-01T12:39:27","date_gmt":"2022-02-01T12:39:27","guid":{"rendered":"https:\/\/hd.studiomango.is\/?page_id=760"},"modified":"2022-06-01T18:10:29","modified_gmt":"2022-06-01T18:10:29","slug":"atvinna-i-bodi","status":"publish","type":"page","link":"https:\/\/hd.studiomango.is\/en\/fyrirtaekid\/atvinna-i-bodi\/","title":{"rendered":"Employment available"},"content":{"rendered":"<div data-elementor-type=\"wp-page\" data-elementor-id=\"760\" class=\"elementor elementor-760\">\n\t\t\t\t\t\t\t\t\t<section class=\"elementor-section elementor-top-section elementor-element elementor-element-2d8fe82 elementor-section-boxed elementor-section-height-default elementor-section-height-default\" data-id=\"2d8fe82\" data-element_type=\"section\" data-settings=\"{&quot;background_background&quot;:&quot;gradient&quot;,&quot;jet_parallax_layout_list&quot;:[]}\">\n\t\t\t\t\t\t<div class=\"elementor-container elementor-column-gap-no\">\n\t\t\t\t\t<div class=\"elementor-column elementor-col-100 elementor-top-column elementor-element elementor-element-520ab40\" data-id=\"520ab40\" data-element_type=\"column\" data-settings=\"{&quot;background_background&quot;:&quot;classic&quot;}\">\n\t\t\t<div class=\"elementor-widget-wrap elementor-element-populated\">\n\t\t\t\t\t\t\t\t<div class=\"elementor-element elementor-element-2effc8a elementor-widget__width-auto elementor-widget-mobile__width-auto elementor-absolute elementor-widget elementor-widget-shortcode\" data-id=\"2effc8a\" data-element_type=\"widget\" data-settings=\"{&quot;_position&quot;:&quot;absolute&quot;}\" data-widget_type=\"shortcode.default\">\n\t\t\t\t<div class=\"elementor-widget-container\">\n\t\t\t\t\t<div class=\"elementor-shortcode\"><nav aria-label=\"breadcrumbs\" class=\"rank-math-breadcrumb\"><p><span class=\"last\">HD<\/span><\/p><\/nav><\/div>\n\t\t\t\t<\/div>\n\t\t\t\t<\/div>\n\t\t\t\t<div class=\"elementor-element elementor-element-2caf2ea elementor-widget elementor-widget-heading\" data-id=\"2caf2ea\" data-element_type=\"widget\" data-widget_type=\"heading.default\">\n\t\t\t\t<div class=\"elementor-widget-container\">\n\t\t\t<h1 class=\"elementor-heading-title elementor-size-default\">Employment available<\/h1>\t\t<\/div>\n\t\t\t\t<\/div>\n\t\t\t\t\t<\/div>\n\t\t<\/div>\n\t\t\t\t\t\t\t<\/div>\n\t\t<\/section>\n\t\t\t\t<section class=\"elementor-section elementor-top-section elementor-element elementor-element-744b49f elementor-reverse-tablet elementor-reverse-mobile elementor-section-boxed elementor-section-height-default elementor-section-height-default\" data-id=\"744b49f\" data-element_type=\"section\" data-settings=\"{&quot;jet_parallax_layout_list&quot;:[]}\">\n\t\t\t\t\t\t<div class=\"elementor-container elementor-column-gap-no\">\n\t\t\t\t\t<div class=\"elementor-column elementor-col-50 elementor-top-column elementor-element elementor-element-b47dbb0\" data-id=\"b47dbb0\" data-element_type=\"column\" data-settings=\"{&quot;background_background&quot;:&quot;classic&quot;}\">\n\t\t\t<div class=\"elementor-widget-wrap elementor-element-populated\">\n\t\t\t\t\t\t\t\t<div class=\"elementor-element elementor-element-9a8fb00 elementor-widget elementor-widget-text-editor\" data-id=\"9a8fb00\" data-element_type=\"widget\" data-widget_type=\"text-editor.default\">\n\t\t\t\t<div class=\"elementor-widget-container\">\n\t\t\t\t\t\t\t<p>We are committed to recruiting qualified, motivated, and well-trained people who take responsibility and show initiative.<br \/>Employees who can actively participate in the company's development, have good communication skills, work well in a team, and have ambitions to deliver a good job.<\/p>\t\t\t\t\t\t<\/div>\n\t\t\t\t<\/div>\n\t\t\t\t<div class=\"elementor-element elementor-element-a6680fc elementor-widget elementor-widget-button\" data-id=\"a6680fc\" data-element_type=\"widget\" data-no-translation=\"\" data-widget_type=\"button.default\">\n\t\t\t\t<div class=\"elementor-widget-container\">\n\t\t\t<style>.elementor-element-a6680fc{display:none !important}<\/style>\t\t<\/div>\n\t\t\t\t<\/div>\n\t\t\t\t<div class=\"elementor-element elementor-element-f12fa05 elementor-widget elementor-widget-button\" data-id=\"f12fa05\" data-element_type=\"widget\" data-no-translation=\"\" data-widget_type=\"button.default\">\n\t\t\t\t<div class=\"elementor-widget-container\">\n\t\t\t\t\t<div class=\"elementor-button-wrapper\">\n\t\t\t<a href=\"https:\/\/hd.studiomango.is\/atvinna-i-bodi\/\" target=\"_blank\" rel=\"nofollow\" class=\"elementor-button-link elementor-button elementor-size-sm\" role=\"button\">\n\t\t\t\t\t\t<span class=\"elementor-button-content-wrapper\">\n\t\t\t\t\t\t\t<span class=\"elementor-button-icon elementor-align-icon-right\">\n\t\t\t\t<svg width=\"16\" height=\"28\" viewbox=\"0 0 16 28\" fill=\"none\" xmlns=\"http:\/\/www.w3.org\/2000\/svg\">\n<path d=\"M16 14L1.88235 0L1.50173e-06 1.86666L12.2353 14L0 26.1333L1.88235 28L16 14Z\" fill=\"url(#paint0_linear_159_2820)\"\/>\n<defs>\n<lineargradient id=\"paint0_linear_159_2820\" x1=\"15.9723\" y1=\"13.8593\" x2=\"-4.7026e-07\" y2=\"13.8593\" gradientunits=\"userSpaceOnUse\">\n<stop stop-color=\"#0B0B0B\"\/>\n<stop offset=\"1\" stop-color=\"#0B0B0B\" stop-opacity=\"0\"\/>\n<\/lineargradient>\n<\/defs>\n<\/svg>\n\t\t\t<\/span>\n\t\t\t\t\t\t<span class=\"elementor-button-text\">Apply for a job<\/span>\n\t\t<\/span>\n\t\t\t\t\t<\/a>\n\t\t<\/div>\n\t\t\t\t<\/div>\n\t\t\t\t<\/div>\n\t\t\t\t\t<\/div>\n\t\t<\/div>\n\t\t\t\t<div class=\"elementor-column elementor-col-50 elementor-top-column elementor-element elementor-element-66c60e9\" data-id=\"66c60e9\" data-element_type=\"column\">\n\t\t\t<div class=\"elementor-widget-wrap elementor-element-populated\">\n\t\t\t\t\t\t\t\t<div class=\"elementor-element elementor-element-16b08f6 elementor-widget elementor-widget-theme-post-featured-image elementor-widget-image\" data-id=\"16b08f6\" data-element_type=\"widget\" data-widget_type=\"theme-post-featured-image.default\">\n\t\t\t\t<div class=\"elementor-widget-container\">\n\t\t\t\t\t\t\t\t\t\t\t\t\t\t\t<img width=\"800\" height=\"533\" src=\"https:\/\/hd.studiomango.is\/wp-content\/uploads\/2022\/01\/regular-monitoring.jpg\" class=\"attachment-large size-large\" alt=\"\" loading=\"lazy\" srcset=\"https:\/\/hd.studiomango.is\/wp-content\/uploads\/2022\/01\/regular-monitoring.jpg 800w, https:\/\/hd.studiomango.is\/wp-content\/uploads\/2022\/01\/regular-monitoring-300x200.jpg 300w, https:\/\/hd.studiomango.is\/wp-content\/uploads\/2022\/01\/regular-monitoring-768x512.jpg 768w\" sizes=\"(max-width: 800px) 100vw, 800px\" \/>\t\t\t\t\t\t\t\t\t\t\t\t\t\t\t<\/div>\n\t\t\t\t<\/div>\n\t\t\t\t\t<\/div>\n\t\t<\/div>\n\t\t\t\t\t\t\t<\/div>\n\t\t<\/section>\n\t\t\t\t\t\t\t<\/div>","protected":false},"excerpt":{"rendered":"<p>Vi\u00f0 leggjum \u00e1herslu \u00e1 a\u00f0 r\u00e1\u00f0a h\u00e6ft, \u00e1hugasamt og vel \u00fej\u00e1lfa\u00f0 f\u00f3lk sem axlar \u00e1byrg\u00f0 og s\u00fdnir frumkv\u00e6\u00f0i.Starfsf\u00f3lk sem getur teki\u00f0 virkan \u00fe\u00e1tt \u00ed fram\u00fer\u00f3un fyrirt\u00e6kisins, b\u00fdr yfir g\u00f3\u00f0um samskiptah\u00e6fileikum, vinnur vel \u00ed teymi og hefur metna\u00f0 til a\u00f0 skila g\u00f3\u00f0u starfi. S\u00e6kja um vinnu<\/p>","protected":false},"author":2,"featured_media":186,"parent":731,"menu_order":1,"comment_status":"closed","ping_status":"closed","template":"","meta":{"button-type":"","external-link-url":"","video-lightbox-url":"","button-color":"","button-text":""},"_links":{"self":[{"href":"https:\/\/hd.studiomango.is\/en\/wp-json\/wp\/v2\/pages\/760"}],"collection":[{"href":"https:\/\/hd.studiomango.is\/en\/wp-json\/wp\/v2\/pages"}],"about":[{"href":"https:\/\/hd.studiomango.is\/en\/wp-json\/wp\/v2\/types\/page"}],"author":[{"embeddable":true,"href":"https:\/\/hd.studiomango.is\/en\/wp-json\/wp\/v2\/users\/2"}],"replies":[{"embeddable":true,"href":"https:\/\/hd.studiomango.is\/en\/wp-json\/wp\/v2\/comments?post=760"}],"version-history":[{"count":61,"href":"https:\/\/hd.studiomango.is\/en\/wp-json\/wp\/v2\/pages\/760\/revisions"}],"predecessor-version":[{"id":6013,"href":"https:\/\/hd.studiomango.is\/en\/wp-json\/wp\/v2\/pages\/760\/revisions\/6013"}],"up":[{"embeddable":true,"href":"https:\/\/hd.studiomango.is\/en\/wp-json\/wp\/v2\/pages\/731"}],"wp:featuredmedia":[{"embeddable":true,"href":"https:\/\/hd.studiomango.is\/en\/wp-json\/wp\/v2\/media\/186"}],"wp:attachment":[{"href":"https:\/\/hd.studiomango.is\/en\/wp-json\/wp\/v2\/media?parent=760"}],"curies":[{"name":"wp","href":"https:\/\/api.w.org\/{rel}","templated":true}]}}