{"id":2420,"date":"2022-02-20T19:18:43","date_gmt":"2022-02-20T19:18:43","guid":{"rendered":"https:\/\/hd.studiomango.is\/?page_id=2420"},"modified":"2023-01-27T12:25:33","modified_gmt":"2023-01-27T12:25:33","slug":"um-okkur","status":"publish","type":"page","link":"https:\/\/hd.studiomango.is\/en\/fyrirtaekid\/um-okkur\/","title":{"rendered":"About HD"},"content":{"rendered":"<div data-elementor-type=\"wp-page\" data-elementor-id=\"2420\" class=\"elementor elementor-2420\">\n\t\t\t\t\t\t\t\t\t<section class=\"elementor-section elementor-top-section elementor-element elementor-element-2d8fe82 elementor-section-boxed elementor-section-height-default elementor-section-height-default\" data-id=\"2d8fe82\" data-element_type=\"section\" data-settings=\"{&quot;background_background&quot;:&quot;gradient&quot;,&quot;jet_parallax_layout_list&quot;:[]}\">\n\t\t\t\t\t\t<div class=\"elementor-container elementor-column-gap-no\">\n\t\t\t\t\t<div class=\"elementor-column elementor-col-100 elementor-top-column elementor-element elementor-element-520ab40\" data-id=\"520ab40\" data-element_type=\"column\" data-settings=\"{&quot;background_background&quot;:&quot;classic&quot;}\">\n\t\t\t<div class=\"elementor-widget-wrap elementor-element-populated\">\n\t\t\t\t\t\t\t\t<div class=\"elementor-element elementor-element-2effc8a elementor-widget__width-auto elementor-widget-mobile__width-auto elementor-absolute elementor-widget elementor-widget-shortcode\" data-id=\"2effc8a\" data-element_type=\"widget\" data-settings=\"{&quot;_position&quot;:&quot;absolute&quot;}\" data-widget_type=\"shortcode.default\">\n\t\t\t\t<div class=\"elementor-widget-container\">\n\t\t\t\t\t<div class=\"elementor-shortcode\"><nav aria-label=\"breadcrumbs\" class=\"rank-math-breadcrumb\"><p><span class=\"last\">HD<\/span><\/p><\/nav><\/div>\n\t\t\t\t<\/div>\n\t\t\t\t<\/div>\n\t\t\t\t<div class=\"elementor-element elementor-element-2caf2ea elementor-widget elementor-widget-heading\" data-id=\"2caf2ea\" data-element_type=\"widget\" data-widget_type=\"heading.default\">\n\t\t\t\t<div class=\"elementor-widget-container\">\n\t\t\t<h1 class=\"elementor-heading-title elementor-size-default\">About HD<\/h1>\t\t<\/div>\n\t\t\t\t<\/div>\n\t\t\t\t\t<\/div>\n\t\t<\/div>\n\t\t\t\t\t\t\t<\/div>\n\t\t<\/section>\n\t\t\t\t<section class=\"elementor-section elementor-top-section elementor-element elementor-element-744b49f elementor-reverse-tablet elementor-reverse-mobile elementor-section-boxed elementor-section-height-default elementor-section-height-default\" data-id=\"744b49f\" data-element_type=\"section\" data-settings=\"{&quot;jet_parallax_layout_list&quot;:[]}\">\n\t\t\t\t\t\t<div class=\"elementor-container elementor-column-gap-no\">\n\t\t\t\t\t<div class=\"elementor-column elementor-col-50 elementor-top-column elementor-element elementor-element-b47dbb0\" data-id=\"b47dbb0\" data-element_type=\"column\" data-settings=\"{&quot;background_background&quot;:&quot;classic&quot;}\">\n\t\t\t<div class=\"elementor-widget-wrap elementor-element-populated\">\n\t\t\t\t\t\t\t\t<div class=\"elementor-element elementor-element-9a8fb00 elementor-widget elementor-widget-text-editor\" data-id=\"9a8fb00\" data-element_type=\"widget\" data-widget_type=\"text-editor.default\">\n\t\t\t\t<div class=\"elementor-widget-container\">\n\t\t\t\t\t\t\t<p>The company Hamar was founded in 1998 and has from the beginning emphasised services in the metal construction industry  and general maintenance service for fisheries companies and other industries. The company has now merged its operations with  Deilir Technical Services Ltd., NTD Ltd. and V\u00e9lar Ltd.  and can offer a broader selection of products and services than ever before. That includes technical condition analysis of machines and continuous surveillance of machinery, design, production and service for pump and duct systems, maintenance of geothermal steam turbines and power plant generators and other services.<\/p>\t\t\t\t\t\t<\/div>\n\t\t\t\t<\/div>\n\t\t\t\t<div class=\"elementor-element elementor-element-98e04fd elementor-widget elementor-widget-image\" data-id=\"98e04fd\" data-element_type=\"widget\" data-widget_type=\"image.default\">\n\t\t\t\t<div class=\"elementor-widget-container\">\n\t\t\t\t\t\t\t\t\t\t\t\t\t\t\t\t<a href=\"https:\/\/hd.studiomango.is\/wp-content\/uploads\/2023\/01\/Skipurit-HD.png\" data-elementor-open-lightbox=\"yes\" data-elementor-lightbox-title=\"Skipurit HD\" e-action-hash=\"#elementor-action%3Aaction%3Dlightbox%26settings%3DeyJpZCI6NjQ1NSwidXJsIjoiaHR0cHM6XC9cL2hkLnN0dWRpb21hbmdvLmlzXC93cC1jb250ZW50XC91cGxvYWRzXC8yMDIzXC8wMVwvU2tpcHVyaXQtSEQucG5nIn0%3D\">\n\t\t\t\t\t\t\t<img width=\"1280\" height=\"720\" src=\"https:\/\/hd.studiomango.is\/wp-content\/uploads\/2023\/01\/Skipurit-HD.png\" class=\"attachment-2048x2048 size-2048x2048\" alt=\"\" loading=\"lazy\" srcset=\"https:\/\/hd.studiomango.is\/wp-content\/uploads\/2023\/01\/Skipurit-HD.png 1280w, https:\/\/hd.studiomango.is\/wp-content\/uploads\/2023\/01\/Skipurit-HD-300x169.png 300w, https:\/\/hd.studiomango.is\/wp-content\/uploads\/2023\/01\/Skipurit-HD-1024x576.png 1024w, https:\/\/hd.studiomango.is\/wp-content\/uploads\/2023\/01\/Skipurit-HD-768x432.png 768w, https:\/\/hd.studiomango.is\/wp-content\/uploads\/2023\/01\/Skipurit-HD-18x10.png 18w\" sizes=\"(max-width: 1280px) 100vw, 1280px\" \/>\t\t\t\t\t\t\t\t<\/a>\n\t\t\t\t\t\t\t\t\t\t\t\t\t\t\t<\/div>\n\t\t\t\t<\/div>\n\t\t\t\t<div class=\"elementor-element elementor-element-0b9e45f elementor-widget elementor-widget-text-editor\" data-id=\"0b9e45f\" data-element_type=\"widget\" data-widget_type=\"text-editor.default\">\n\t\t\t\t<div class=\"elementor-widget-container\">\n\t\t\t\t\t\t\t<p>Each of the company\u2019s workstations has a certain specification in service availability and the technical equipment of each workstation is also tailored to the available services. The company strives to always use the latest technology available, such as 3D scanning for condition analysis and redesigning machinery, specialised software for processing and storing data, high-tech equipment for crack inspection and vibration recording for equipment in operation. It also has a special metal scanner used for chemical analysis of metals and to help choose the right materials and welding processes. In addition, the company has CNC design and production equipment for cutting, metal turning and milling materials which delivers maximum accuracy  in the repairs and production of machine parts.<\/p><p>Our customers can be found in all of Iceland's major industrial sectors, which are heavy industry, fisheries, power plants, utility companies, food industry and aquaculture. The company employs more than two hundred people in six establishments across the country. Our staff has extensive experience and broad education in the machinery and technology field that allows us to maximize the value of provided services. The company's employees have received specific training in hardware maintenance, which maximizes the uptime of the industrial plants we serve. Any suspension due to the maintenance of the industrial plants is carefully planned in accordance with the conditions of the industrial plant, the range of specialized service personnel and the availability of spare parts needed for the project is guaranteed. In this way, we minimize the stops and increase predictability in the operation of our industrial plants.<\/p><p>HD holds an ISO 9001-2015 certified quality management certification and an equal pay certification. In line with our human resource policy, we emphasise offering our employees increased education and learning opportunities, guaranteeing equal pay and creating balance between work and private life.<\/p><p>HD\u2019s values are <strong>safety, honesty, outstanding service  and professionalism.<\/strong>They guide us in our day-to-day operations and management towards employees and when servicing our customers .<\/p><p>HD\u2019s goal is to be customers\u2019 first choice as a service provider  in machinery, technical solutions and steel construction around Iceland.<\/p><p>On behalf of HD Ltd.  \n\n\u00c1rni Rafn G\u00edslason \n\nCEO<\/p>\t\t\t\t\t\t<\/div>\n\t\t\t\t<\/div>\n\t\t\t\t<div class=\"elementor-element elementor-element-4da016f elementor-widget__width-auto elementor-widget elementor-widget-uael-modal-popup\" data-id=\"4da016f\" data-element_type=\"widget\" data-widget_type=\"uael-modal-popup.default\">\n\t\t\t\t<div class=\"elementor-widget-container\">\n\t\t\t<div id=\"4da016f-overlay\" data-trigger-on=\"button\" data-close-on-esc=\"yes\" data-close-on-overlay=\"yes\" data-exit-intent=\"no\" data-after-sec=\"no\" data-after-sec-val=\"1\" data-cookies=\"no\" data-cookies-days=\"1\" data-cookies-type=\"default\" data-custom=\"\" data-custom-id=\"\" data-content=\"video\" data-autoplay=\"no\" data-device=\"false\" data-async=\"\" class=\"uael-modal-parent-wrapper uael-module-content uamodal-4da016f uael-aspect-ratio-16_9 -popup\">\n\t<div id=\"modal-4da016f\" class=\"uael-modal uael-center-modal uael-modal-custom uael-modal-video uael-effect-1   uael-aspect-ratio-16_9\">\n\t\t<div class=\"uael-content\">\n\t\t\t\t\t\t<div class=\"uael-modal-text uael-modal-content-data clearfix\">\n\t\t\t<iframe loading=\"lazy\" title=\"HD_Hrings&amp;oacute;l_Islenska\" src=\"https:\/\/player.vimeo.com\/video\/732465409?h=5ffa89e8a5&amp;dnt=1&amp;app_id=122963\" width=\"800\" height=\"450\" frameborder=\"0\" allow=\"autoplay; fullscreen; picture-in-picture\" allowfullscreen><\/iframe>\t\t\t<\/div>\n\t\t<\/div>\n\t<\/div>\n\n\t\r\n\t\t<span class=\"uael-modal-close uael-close-icon elementor-clickable uael-close-custom-top-right\" >\r\n\t\t<svg xmlns=\"http:\/\/www.w3.org\/2000\/svg\" width=\"36\" height=\"29\" viewbox=\"0 0 36 29\" fill=\"none\"><rect x=\"3.85785\" y=\"25.4558\" width=\"36\" height=\"4\" transform=\"rotate(-45 3.85785 25.4558)\" fill=\"url(#paint0_linear_244_1733)\"><\/rect><rect x=\"6.82843\" y=\"0.14209\" width=\"36\" height=\"4\" transform=\"rotate(45 6.82843 0.14209)\" fill=\"url(#paint1_linear_244_1733)\"><\/rect><defs><lineargradient id=\"paint0_linear_244_1733\" x1=\"21.0007\" y1=\"29.4558\" x2=\"39.8578\" y2=\"29.4558\" gradientunits=\"userSpaceOnUse\"><stop stop-color=\"white\"><\/stop><stop offset=\"1\" stop-opacity=\"0\" stop-color=\"white\"><\/stop><\/lineargradient><lineargradient id=\"paint1_linear_244_1733\" x1=\"23.9713\" y1=\"4.14209\" x2=\"42.8284\" y2=\"4.14209\" gradientunits=\"userSpaceOnUse\"><stop stop-color=\"white\"><\/stop><stop offset=\"1\" stop-opacity=\"0\" stop-color=\"white\"><\/stop><\/lineargradient><\/defs><\/svg>\t\t<\/span>\r\n\t\t\t<div class=\"uael-overlay\"><\/div>\n<\/div>\n\n<div class=\"uael-modal-action-wrap\">\n\t\t\t<div class=\"uael-button-wrapper elementor-button-wrapper elementor-align-left\">\r\n\t\t\t<a href=\"javascript:void(0);\" class=\"uael-trigger elementor-button-link elementor-button elementor-clickable elementor-size-sm\" data-modal=\"4da016f\">\r\n\t\t\t\t\t\t<span class=\"elementor-button-content-wrapper\">\r\n\r\n\t\t\t\t\t\t\t\t\t\t\t\t<span class=\"elementor-align-icon-left elementor-button-icon\">\r\n\t\t\t\t\t\t<svg xmlns=\"http:\/\/www.w3.org\/2000\/svg\" width=\"24\" height=\"42\" viewbox=\"0 0 24 42\" fill=\"none\"><path d=\"M24 21L2.82353 0L2.2526e-06 2.8L18.3529 21L0 39.2L2.82353 42L24 21Z\" fill=\"url(#paint0_linear_4_346)\"><\/path><defs><lineargradient id=\"paint0_linear_4_346\" x1=\"23.9584\" y1=\"20.7889\" x2=\"-7.0539e-07\" y2=\"20.7889\" gradientunits=\"userSpaceOnUse\"><stop><\/stop><stop offset=\"1\" stop-opacity=\"0\"><\/stop><\/lineargradient><\/defs><\/svg>\t\t\t\t\t<\/span>\r\n\t\t\t\t\t\t\t\t\t\t\t<span class=\"elementor-button-text elementor-inline-editing\" data-elementor-setting-key=\"btn_text\" data-elementor-inline-editing-toolbar=\"none\" >Horfa \u00e1 myndband\u200b<\/span>\r\n\t\t<\/span>\r\n\t\t\t\t\t<\/a>\r\n\t\t<\/div>\r\n\t\t<\/div>\n\t\t<\/div>\n\t\t\t\t<\/div>\n\t\t\t\t\t<\/div>\n\t\t<\/div>\n\t\t\t\t<div class=\"elementor-column elementor-col-50 elementor-top-column elementor-element elementor-element-66c60e9\" data-id=\"66c60e9\" data-element_type=\"column\">\n\t\t\t<div class=\"elementor-widget-wrap elementor-element-populated\">\n\t\t\t\t\t\t\t\t<div class=\"elementor-element elementor-element-16b08f6 elementor-widget elementor-widget-theme-post-featured-image elementor-widget-image\" data-id=\"16b08f6\" data-element_type=\"widget\" data-widget_type=\"theme-post-featured-image.default\">\n\t\t\t\t<div class=\"elementor-widget-container\">\n\t\t\t\t\t\t\t\t\t\t\t\t\t\t\t<img width=\"800\" height=\"600\" src=\"https:\/\/hd.studiomango.is\/wp-content\/uploads\/2022\/03\/shutterstock_1728403660a-1024x768.jpg\" class=\"attachment-large size-large\" alt=\"\" loading=\"lazy\" srcset=\"https:\/\/hd.studiomango.is\/wp-content\/uploads\/2022\/03\/shutterstock_1728403660a-1024x768.jpg 1024w, https:\/\/hd.studiomango.is\/wp-content\/uploads\/2022\/03\/shutterstock_1728403660a-300x225.jpg 300w, https:\/\/hd.studiomango.is\/wp-content\/uploads\/2022\/03\/shutterstock_1728403660a-768x576.jpg 768w\" sizes=\"(max-width: 800px) 100vw, 800px\" \/>\t\t\t\t\t\t\t\t\t\t\t\t\t\t\t<\/div>\n\t\t\t\t<\/div>\n\t\t\t\t\t<\/div>\n\t\t<\/div>\n\t\t\t\t\t\t\t<\/div>\n\t\t<\/section>\n\t\t\t\t\t\t\t<\/div>","protected":false},"excerpt":{"rendered":"<p>Hamar var stofna\u00f0 \u00e1ri\u00f0 1998 og hefur fr\u00e1 fyrstu t\u00ed\u00f0 lagt \u00e1herslu \u00e1 \u00fej\u00f3nustu \u00e1 svi\u00f0i m\u00e1lmt\u00e6knii\u00f0na\u00f0ar og almennri vi\u00f0halds\u00fej\u00f3nustu til fyrirt\u00e6kja \u00ed i\u00f0na\u00f0i og sj\u00e1var\u00fatvegi. F\u00e9lagi\u00f0 hefur n\u00fa sameina\u00f0 reksturinn vi\u00f0 f\u00e9l\u00f6gin Deilir t\u00e6kni\u00fej\u00f3nusta ehf, NDT ehf og V\u00e9lar ehf undir nafni HD. Fyrirt\u00e6ki\u00f0 getur n\u00fa bo\u00f0i\u00f0 brei\u00f0ara v\u00f6ru\u00farval og \u00fej\u00f3nustu en nokkru sinni [&hellip;]<\/p>","protected":false},"author":2,"featured_media":4052,"parent":731,"menu_order":5,"comment_status":"closed","ping_status":"closed","template":"","meta":{"button-type":"None","external-link-url":"","video-lightbox-url":"","button-color":"#FFD200","button-text":""},"_links":{"self":[{"href":"https:\/\/hd.studiomango.is\/en\/wp-json\/wp\/v2\/pages\/2420"}],"collection":[{"href":"https:\/\/hd.studiomango.is\/en\/wp-json\/wp\/v2\/pages"}],"about":[{"href":"https:\/\/hd.studiomango.is\/en\/wp-json\/wp\/v2\/types\/page"}],"author":[{"embeddable":true,"href":"https:\/\/hd.studiomango.is\/en\/wp-json\/wp\/v2\/users\/2"}],"replies":[{"embeddable":true,"href":"https:\/\/hd.studiomango.is\/en\/wp-json\/wp\/v2\/comments?post=2420"}],"version-history":[{"count":128,"href":"https:\/\/hd.studiomango.is\/en\/wp-json\/wp\/v2\/pages\/2420\/revisions"}],"predecessor-version":[{"id":6849,"href":"https:\/\/hd.studiomango.is\/en\/wp-json\/wp\/v2\/pages\/2420\/revisions\/6849"}],"up":[{"embeddable":true,"href":"https:\/\/hd.studiomango.is\/en\/wp-json\/wp\/v2\/pages\/731"}],"wp:featuredmedia":[{"embeddable":true,"href":"https:\/\/hd.studiomango.is\/en\/wp-json\/wp\/v2\/media\/4052"}],"wp:attachment":[{"href":"https:\/\/hd.studiomango.is\/en\/wp-json\/wp\/v2\/media?parent=2420"}],"curies":[{"name":"wp","href":"https:\/\/api.w.org\/{rel}","templated":true}]}}