{"id":2416,"date":"2022-02-20T19:17:51","date_gmt":"2022-02-20T19:17:51","guid":{"rendered":"https:\/\/hd.studiomango.is\/?page_id=2416"},"modified":"2023-02-15T11:01:34","modified_gmt":"2023-02-15T11:01:34","slug":"stefnur","status":"publish","type":"page","link":"https:\/\/hd.studiomango.is\/en\/fyrirtaekid\/stefnur\/","title":{"rendered":"Policies"},"content":{"rendered":"<div data-elementor-type=\"wp-page\" data-elementor-id=\"2416\" class=\"elementor elementor-2416\">\n\t\t\t\t\t\t\t\t\t<section class=\"elementor-section elementor-top-section elementor-element elementor-element-2d8fe82 elementor-section-boxed elementor-section-height-default elementor-section-height-default\" data-id=\"2d8fe82\" data-element_type=\"section\" data-settings=\"{&quot;background_background&quot;:&quot;gradient&quot;,&quot;jet_parallax_layout_list&quot;:[]}\">\n\t\t\t\t\t\t<div class=\"elementor-container elementor-column-gap-no\">\n\t\t\t\t\t<div class=\"elementor-column elementor-col-100 elementor-top-column elementor-element elementor-element-520ab40\" data-id=\"520ab40\" data-element_type=\"column\" data-settings=\"{&quot;background_background&quot;:&quot;classic&quot;}\">\n\t\t\t<div class=\"elementor-widget-wrap elementor-element-populated\">\n\t\t\t\t\t\t\t\t<div class=\"elementor-element elementor-element-2effc8a elementor-widget__width-auto elementor-widget-mobile__width-auto elementor-absolute elementor-widget elementor-widget-shortcode\" data-id=\"2effc8a\" data-element_type=\"widget\" data-settings=\"{&quot;_position&quot;:&quot;absolute&quot;}\" data-widget_type=\"shortcode.default\">\n\t\t\t\t<div class=\"elementor-widget-container\">\n\t\t\t\t\t<div class=\"elementor-shortcode\"><nav aria-label=\"breadcrumbs\" class=\"rank-math-breadcrumb\"><p><span class=\"last\">HD<\/span><\/p><\/nav><\/div>\n\t\t\t\t<\/div>\n\t\t\t\t<\/div>\n\t\t\t\t<div class=\"elementor-element elementor-element-2caf2ea elementor-widget elementor-widget-heading\" data-id=\"2caf2ea\" data-element_type=\"widget\" data-widget_type=\"heading.default\">\n\t\t\t\t<div class=\"elementor-widget-container\">\n\t\t\t<h1 class=\"elementor-heading-title elementor-size-default\">Policies<\/h1>\t\t<\/div>\n\t\t\t\t<\/div>\n\t\t\t\t<div class=\"elementor-element elementor-element-ff9fc8a my-chevron elementor-widget elementor-widget-table-of-contents\" data-id=\"ff9fc8a\" data-element_type=\"widget\" data-settings=\"{&quot;exclude_headings_by_selector&quot;:[],&quot;headings_by_tags&quot;:[&quot;h2&quot;],&quot;marker_view&quot;:&quot;bullets&quot;,&quot;icon&quot;:{&quot;value&quot;:&quot;fas fa-chevron-right&quot;,&quot;library&quot;:&quot;fa-solid&quot;},&quot;min_height&quot;:{&quot;unit&quot;:&quot;px&quot;,&quot;size&quot;:&quot;&quot;,&quot;sizes&quot;:[]},&quot;min_height_tablet&quot;:{&quot;unit&quot;:&quot;px&quot;,&quot;size&quot;:&quot;&quot;,&quot;sizes&quot;:[]},&quot;min_height_mobile&quot;:{&quot;unit&quot;:&quot;px&quot;,&quot;size&quot;:&quot;&quot;,&quot;sizes&quot;:[]}}\" data-widget_type=\"table-of-contents.default\">\n\t\t\t\t<div class=\"elementor-widget-container\">\n\t\t\t\t\t<div class=\"elementor-toc__header\">\n\t\t\t<h4 class=\"elementor-toc__header-title\">\n\t\t\t\t\t\t\t<\/h4>\n\t\t\t\t\t<\/div>\n\t\t<div class=\"elementor-toc__body\">\n\t\t\t<div class=\"elementor-toc__spinner-container\">\n\t\t\t\t<i class=\"elementor-toc__spinner eicon-animation-spin eicon-loading\" aria-hidden=\"true\"><\/i>\t\t\t<\/div>\n\t\t<\/div>\n\t\t\t\t<\/div>\n\t\t\t\t<\/div>\n\t\t\t\t\t<\/div>\n\t\t<\/div>\n\t\t\t\t\t\t\t<\/div>\n\t\t<\/section>\n\t\t\t\t<section class=\"elementor-section elementor-top-section elementor-element elementor-element-45ff322 elementor-section-boxed elementor-section-height-default elementor-section-height-default\" data-id=\"45ff322\" data-element_type=\"section\" data-settings=\"{&quot;jet_parallax_layout_list&quot;:[]}\">\n\t\t\t\t\t\t<div class=\"elementor-container elementor-column-gap-no\">\n\t\t\t\t\t<div class=\"elementor-column elementor-col-100 elementor-top-column elementor-element elementor-element-37ade13\" data-id=\"37ade13\" data-element_type=\"column\">\n\t\t\t<div class=\"elementor-widget-wrap elementor-element-populated\">\n\t\t\t\t\t\t\t\t<div class=\"elementor-element elementor-element-c32d4f6 elementor-widget elementor-widget-heading\" data-id=\"c32d4f6\" data-element_type=\"widget\" data-widget_type=\"heading.default\">\n\t\t\t\t<div class=\"elementor-widget-container\">\n\t\t\t<h2 class=\"elementor-heading-title elementor-size-default\">Core values of HD<\/h2>\t\t<\/div>\n\t\t\t\t<\/div>\n\t\t\t\t<div class=\"elementor-element elementor-element-2040aba elementor-widget elementor-widget-text-editor\" data-id=\"2040aba\" data-element_type=\"widget\" data-widget_type=\"text-editor.default\">\n\t\t\t\t<div class=\"elementor-widget-container\">\n\t\t\t\t\t\t\t<ul><li><h3>Safety<\/h3><ul><li>We always put the safety of our employees first. We keep our composure and effortlessly maintain our perspective at all times, thereby ensuring the operational safety of our customers.  We look thoroughly at the big picture before we act. Safety is our priority and encompasses the physical and emotional safety of our employees as well as operational safety and informational security.<\/li><\/ul><\/li><li><h3>Honesty<\/h3><ul><li>We treat our colleagues, our customers, and the environment in which we operate in with respect. We are trustworthy, treat others with honesty and deliver on promises. We are honest and say things as they are, but we are also positive and reasonable and treat people how we want to be treated.  We stay true to our values and provide each other with guidance when necessary.<\/li><\/ul><\/li><li><h3>Service spirit<\/h3><ul><li>We are ready to help and listen to the needs of our customers, colleagues, and business partners.  Our service to customers and each other is our priority. We strive to deliver value to customers in the right place, at the right time, in the right quality and at the right cost. Delivering excellent service requires teamwork and willingness to help each other.<\/li><\/ul><\/li><li><h3>Professionalism<\/h3><ul><li>We remain professional at all times and our experience and knowledge allows us to guarantee our customers the best solution available. We share our experience with each other and constantly develop our people's competence to ensure a high level of professionalism. We pride ourselves on the quality of our work and strive to get things right the first time.  We promote a culture of continuous improvement and help each other do better together.<\/li><\/ul><\/li><\/ul><p><a href=\"https:\/\/hd.studiomango.is\/wp-content\/uploads\/2022\/08\/Gildin-okkar.pdf\" target=\"_blank\" rel=\"noopener\"><strong><b>CORE VALUES IN OUR COMPANY\n HD<\/b><\/strong><\/a><\/p>\t\t\t\t\t\t<\/div>\n\t\t\t\t<\/div>\n\t\t\t\t\t<\/div>\n\t\t<\/div>\n\t\t\t\t\t\t\t<\/div>\n\t\t<\/section>\n\t\t\t\t<section class=\"elementor-section elementor-top-section elementor-element elementor-element-6dc260e elementor-section-boxed elementor-section-height-default elementor-section-height-default\" data-id=\"6dc260e\" data-element_type=\"section\" data-settings=\"{&quot;background_background&quot;:&quot;classic&quot;,&quot;jet_parallax_layout_list&quot;:[]}\">\n\t\t\t\t\t\t<div class=\"elementor-container elementor-column-gap-no\">\n\t\t\t\t\t<div class=\"elementor-column elementor-col-100 elementor-top-column elementor-element elementor-element-f90d835\" data-id=\"f90d835\" data-element_type=\"column\">\n\t\t\t<div class=\"elementor-widget-wrap elementor-element-populated\">\n\t\t\t\t\t\t\t\t<div class=\"elementor-element elementor-element-24a5ed6 elementor-widget elementor-widget-heading\" data-id=\"24a5ed6\" data-element_type=\"widget\" data-widget_type=\"heading.default\">\n\t\t\t\t<div class=\"elementor-widget-container\">\n\t\t\t<h2 class=\"elementor-heading-title elementor-size-default\">Health &amp; safety policy HD<\/h2>\t\t<\/div>\n\t\t\t\t<\/div>\n\t\t\t\t<div class=\"elementor-element elementor-element-cf308e2 elementor-widget elementor-widget-text-editor\" data-id=\"cf308e2\" data-element_type=\"widget\" data-widget_type=\"text-editor.default\">\n\t\t\t\t<div class=\"elementor-widget-container\">\n\t\t\t\t\t\t\t<ul><li>Safety is at our hearts and we define safety as physical security, operational security, information security and emotional security \u2013 security is for all of us.<\/li><li>Safety is a source of operational efficiency, and we contribute to our employees having a high level of safety awareness.<\/li><li>We intend to become an accident-free company and we use a culture of continuous reform as a means to that end. We want to have a safe working environment and work placement, and with continuous improvement, we are constantly making our working environment better and safer.<\/li><li>We help each other build a culture of security and guide each other when things can be better. All employees should adopt the attitude of speaking out and raise awareness when things could be improved in security matters.<\/li><li>We work with contractors, partners, customers, and other stakeholders to create a safe working environment and we are united to ensure the safety of everyone involved in our projects. We respect other people's safety regulations, but if our rules go further, we always follow them and recommend that others do too \u2013 we never give a discount to our safety requirements.<\/li><li>We often work in hazardous areas, but we return home safely despite this, and although things may go wrong at a workplace where we carry out project risk assessments before they start.<\/li><li>We provide all the equipment necessary to ensure the safety of our employees. Staff are jointly responsible for using such equipment (helmets, safety glasses, safety shoes, markings, etc.) and ensuring that we all do.<\/li><li>General conduct is an important safety issue, when we leave a workplace we do in such a manner that we would like to come to the day after. This applies equally to workshop conduct and conduct in computer systems.<\/li><li>Our goal is to build an effective health &amp; safety system where we inspect our workspaces and make visits to each other\u2019s workspaces and help build and develop a strong safety culture.<\/li><li>Every employee has the right to return home safely. This applies every day to all work within the business, we do not want any harm or damage, physical or mentally to any of our employees.<\/li><\/ul><p><strong><a href=\"https:\/\/hd.studiomango.is\/wp-content\/uploads\/2022\/11\/Oryggishandbok_HD_2022.pdf\" target=\"_blank\" rel=\"noopener\">\u00d6RYGGISHANDB\u00d3K HD<\/a><\/strong><\/p><p><strong><a href=\"https:\/\/hd.studiomango.is\/wp-content\/uploads\/2022\/02\/Oryggishandbok_HD_2022-EN.pdf\" target=\"_blank\" rel=\"noopener\">H.S.E.Q MANUAL<\/a><\/strong><\/p>\t\t\t\t\t\t<\/div>\n\t\t\t\t<\/div>\n\t\t\t\t\t<\/div>\n\t\t<\/div>\n\t\t\t\t\t\t\t<\/div>\n\t\t<\/section>\n\t\t\t\t<section class=\"elementor-section elementor-top-section elementor-element elementor-element-3f66612 elementor-section-boxed elementor-section-height-default elementor-section-height-default\" data-id=\"3f66612\" data-element_type=\"section\" data-settings=\"{&quot;jet_parallax_layout_list&quot;:[]}\">\n\t\t\t\t\t\t<div class=\"elementor-container elementor-column-gap-no\">\n\t\t\t\t\t<div class=\"elementor-column elementor-col-100 elementor-top-column elementor-element elementor-element-b01017a\" data-id=\"b01017a\" data-element_type=\"column\">\n\t\t\t<div class=\"elementor-widget-wrap elementor-element-populated\">\n\t\t\t\t\t\t\t\t<div class=\"elementor-element elementor-element-fbe4cce elementor-widget elementor-widget-heading\" data-id=\"fbe4cce\" data-element_type=\"widget\" data-widget_type=\"heading.default\">\n\t\t\t\t<div class=\"elementor-widget-container\">\n\t\t\t<h2 class=\"elementor-heading-title elementor-size-default\">Quality policy HD<\/h2>\t\t<\/div>\n\t\t\t\t<\/div>\n\t\t\t\t<div class=\"elementor-element elementor-element-d4f6b93 elementor-widget elementor-widget-text-editor\" data-id=\"d4f6b93\" data-element_type=\"widget\" data-widget_type=\"text-editor.default\">\n\t\t\t\t<div class=\"elementor-widget-container\">\n\t\t\t\t\t\t\t<ul><li>We intend to be at the forefront in terms of quality issues and we know that better quality and no disadvantages mean less overall costs.<\/li><li>Quality contributes not just to our better operations but also to the better operation of our customers.<\/li><li>100% quality and no disadvantages are one of the prerequisites for the business and we achieve that only by building a culture of continuous improvement.<\/li><li>We are cautious and do not undertake work that cannot be carried out professionally in the highest quality and safety standard. We guarantee to customers that all our work is in accordance with the highest quality standards. We analyze legal and other applicable requirements and ensure they are met.<\/li><li>We have no tolerance for half measures<br \/>or unscrupulous work. We never do a job we're not proud of. Nothing leaves us unchecked, and we'll do the work again or use more time to fix what potentially goes wrong.<\/li><li>We place great emphasis on cultivating a quality culture among all employees and never discount quality. We build an active quality system where standardization is targeted and in continuous development.<\/li><li>With a culture of continuous improvement, we harness the ingenuity of all our employees and thus constantly find ways to deliver even better work.<\/li><li>We are committed to doing things right on the first attempt and never forward problems in our value chain. Quality applies not just to manufacturing or work site procedures, but to everything we do everywhere in the workforce.<\/li><li>All employees are responsible for quality issues, the preparation of quality objectives and quality standards. Excellent quality is available exclusively through the synchronized minds of the entire team.<\/li><li>Each team and each business unit within the operation has the goal of being flawless, thereby achieving efficiency that gives a competitive advantage.<\/li><\/ul><p><a href=\"https:\/\/hd.studiomango.is\/wp-content\/uploads\/2023\/02\/FM-685564-HD-ehf.pdf\" target=\"_blank\" rel=\"noopener\"><strong>ISO 9001 Quality control certificate<\/strong><\/a><br \/><em>All locations operate according to the same quality management system, but ISO 9001 certification only covers locations at K\u00f3pavogur and Mosfellsb\u00e6r, and services provided from there.<\/em><\/p>\t\t\t\t\t\t<\/div>\n\t\t\t\t<\/div>\n\t\t\t\t\t<\/div>\n\t\t<\/div>\n\t\t\t\t\t\t\t<\/div>\n\t\t<\/section>\n\t\t\t\t<section class=\"elementor-section elementor-top-section elementor-element elementor-element-00e807c elementor-section-boxed elementor-section-height-default elementor-section-height-default\" data-id=\"00e807c\" data-element_type=\"section\" data-settings=\"{&quot;background_background&quot;:&quot;classic&quot;,&quot;jet_parallax_layout_list&quot;:[]}\">\n\t\t\t\t\t\t<div class=\"elementor-container elementor-column-gap-no\">\n\t\t\t\t\t<div class=\"elementor-column elementor-col-100 elementor-top-column elementor-element elementor-element-2dda63b\" data-id=\"2dda63b\" data-element_type=\"column\">\n\t\t\t<div class=\"elementor-widget-wrap elementor-element-populated\">\n\t\t\t\t\t\t\t\t<div class=\"elementor-element elementor-element-a346371 elementor-widget elementor-widget-heading\" data-id=\"a346371\" data-element_type=\"widget\" data-widget_type=\"heading.default\">\n\t\t\t\t<div class=\"elementor-widget-container\">\n\t\t\t<h2 class=\"elementor-heading-title elementor-size-default\">Gender equality policy<\/h2>\t\t<\/div>\n\t\t\t\t<\/div>\n\t\t\t\t<div class=\"elementor-element elementor-element-50ec67b elementor-widget elementor-widget-text-editor\" data-id=\"50ec67b\" data-element_type=\"widget\" data-widget_type=\"text-editor.default\">\n\t\t\t\t<div class=\"elementor-widget-container\">\n\t\t\t\t\t\t\t<ul><li>All jobs within the company are important and we have equal respect for all jobs.<\/li><li>All employees have an equal right to grow in their work. We offer the same terms for the same work regardless of gender, ethnicity, color, religion and\/or opinions.<\/li><li>Gender-based violence, bullying and any form of crude conduct do not belong in our company. We do not tolerate a culture that belittles or ridicules gender, appearance, sexual behavior, religion, or beliefs.<\/li><li>There is room for everyone at HD and we show different needs a lot of understanding. We encourage everyone to apply for a job with us.<\/li><li>We see great opportunities in increasing women's participation in industrial and technological work, and increased participation of women will strengthen our competitive position into the future.<\/li><li>Our employees have equal access to career opportunities and career development within the company.<\/li><li>Any form of inequality or injustice has no place in our company. We treat each other the way we want to be treated ourselves.<\/li><li>Our management is forthright, and we provide honest feedback to employees, which we do in a positive and constructive way.<\/li><li>Our equality policy applies to all of us but also for our interactions with contractors, partners, suppliers, and customers.<br \/><br \/><a href=\"https:\/\/hd.studiomango.is\/wp-content\/uploads\/2022\/03\/Ecertificate-EQ-749334.pdf\" target=\"_blank\" rel=\"noopener\"><strong>EQUAL PAY CERTIFICATE HD<\/strong><\/a><\/li><\/ul>\t\t\t\t\t\t<\/div>\n\t\t\t\t<\/div>\n\t\t\t\t\t<\/div>\n\t\t<\/div>\n\t\t\t\t\t\t\t<\/div>\n\t\t<\/section>\n\t\t\t\t\t\t\t<\/div>","protected":false},"excerpt":{"rendered":"<p>Gildi HD \u00d6ryggi Vi\u00f0 setjum \u00f6ryggi starfsmanna okkar ofar \u00f6llu, \u00f6ryggi starfsmanna er okkar mikilv\u00e6gasta m\u00e1l. Vi\u00f0 erum yfirvegu\u00f0 og eigum au\u00f0velt me\u00f0 a\u00f0 skapa yfirs\u00fdn og tryggjum \u00feannig rekstrar\u00f6ryggi vi\u00f0skiptavina okkar. Vi\u00f0 hugsum vandlega heildarmyndina \u00e1\u00f0ur en vi\u00f0 framkv\u00e6mum. \u00d6ryggi er fyrir alla starfsmenn og n\u00e6r yfir l\u00edkamlegt og tilfinningalegt \u00f6ryggi sem og uppl\u00fdsinga- [&hellip;]<\/p>","protected":false},"author":2,"featured_media":186,"parent":731,"menu_order":3,"comment_status":"closed","ping_status":"closed","template":"","meta":{"button-type":"","external-link-url":"","video-lightbox-url":"","button-color":"","button-text":""},"_links":{"self":[{"href":"https:\/\/hd.studiomango.is\/en\/wp-json\/wp\/v2\/pages\/2416"}],"collection":[{"href":"https:\/\/hd.studiomango.is\/en\/wp-json\/wp\/v2\/pages"}],"about":[{"href":"https:\/\/hd.studiomango.is\/en\/wp-json\/wp\/v2\/types\/page"}],"author":[{"embeddable":true,"href":"https:\/\/hd.studiomango.is\/en\/wp-json\/wp\/v2\/users\/2"}],"replies":[{"embeddable":true,"href":"https:\/\/hd.studiomango.is\/en\/wp-json\/wp\/v2\/comments?post=2416"}],"version-history":[{"count":151,"href":"https:\/\/hd.studiomango.is\/en\/wp-json\/wp\/v2\/pages\/2416\/revisions"}],"predecessor-version":[{"id":6932,"href":"https:\/\/hd.studiomango.is\/en\/wp-json\/wp\/v2\/pages\/2416\/revisions\/6932"}],"up":[{"embeddable":true,"href":"https:\/\/hd.studiomango.is\/en\/wp-json\/wp\/v2\/pages\/731"}],"wp:featuredmedia":[{"embeddable":true,"href":"https:\/\/hd.studiomango.is\/en\/wp-json\/wp\/v2\/media\/186"}],"wp:attachment":[{"href":"https:\/\/hd.studiomango.is\/en\/wp-json\/wp\/v2\/media?parent=2416"}],"curies":[{"name":"wp","href":"https:\/\/api.w.org\/{rel}","templated":true}]}}